{"id":15184,"date":"2025-02-10T08:55:27","date_gmt":"2025-02-10T08:55:27","guid":{"rendered":"https:\/\/ecoadventurespuertoescondido.com\/tour-en-bicicleta-al-amanecer-en-puerto-escondido\/"},"modified":"2026-01-31T17:13:46","modified_gmt":"2026-01-31T17:13:46","slug":"tour-en-bicicleta-al-amanecer-en-puerto-escondido","status":"publish","type":"product","link":"https:\/\/ecoadventurespuertoescondido.com\/es\/tour\/tour-en-bicicleta-al-amanecer-en-puerto-escondido\/","title":{"rendered":"Tour en Bicicleta al Amanecer en Puerto Escondido"},"content":{"rendered":"<h3 style=\"font-size: 18px; color: #0958a8;\"><b>Bicicleta Mexicana, Naturaleza y Desayuno Mexicano \u2013 Resumen del Tour<\/b><\/h3>\n<p>Comienza el d\u00eda con un emocionante <b>paseo en bicicleta<\/b> rodeado de naturaleza, seguido de un <b>delicioso desayuno mexicano<\/b>. Pedalea a trav\u00e9s de <b>paisajes impresionantes<\/b>, visita <b>pintorescos pueblos locales<\/b> y captura momentos especiales. La aventura culmina con un <b>desayuno tradicional oaxaque\u00f1o<\/b> en <b>El Quequestle<\/b>. \u00a1\u00danete a esta experiencia \u00fanica que enriquece el alma, conect\u00e1ndote con la naturaleza, la cultura y el placer de descubrir!<\/p>\n<h3 style=\"font-size: 18px; color: #0958a8;\"><b>Ruta \u00danica y Exclusiva<\/b><\/h3>\n<p>Descubre <b>paisajes \u00fanicos y exclusivos<\/b> a trav\u00e9s de nuestra ruta cuidadosamente seleccionada, ofreciendo <b>vistas panor\u00e1micas<\/b> y escenarios impresionantes que te sumergir\u00e1n en la belleza natural de cada destino.<\/p>\n<h3 style=\"font-size: 18px; color: #0958a8;\"><b>Aventura al Amanecer<\/b><\/h3>\n<p>Disfruta de una experiencia emocionante explorando los <b>pueblos locales<\/b> antes del amanecer.<\/p>\n<h3 style=\"font-size: 18px; color: #0958a8;\"><b>Paseo en Bicicleta de 30 km<\/b><\/h3>\n<p>Un recorrido panor\u00e1mico de <b>30 km<\/b> a trav\u00e9s de monta\u00f1as, r\u00edos y valles, descubriendo <b>impresionantes paisajes<\/b>, cultivos, ganado y mucho m\u00e1s.<\/p>\n<h3 style=\"font-size: 18px; color: #0958a8;\"><b>Gu\u00edas Locales Certificados<\/b><\/h3>\n<p>Disfruta de la <b>riqueza cultural<\/b> y el conocimiento local proporcionado por nuestros gu\u00edas. Cada recorrido est\u00e1 dirigido por profesionales que enriquecer\u00e1n tu experiencia con <b>historias aut\u00e9nticas<\/b> y perspectivas \u00fanicas.<\/p>\n<h3 style=\"font-size: 18px; color: #0958a8;\"><b>Cruce de Cinco Pueblos Locales<\/b><\/h3>\n<p>Descubre la <b>autenticidad de la regi\u00f3n<\/b> a trav\u00e9s de cinco <b>pintorescos pueblos locales<\/b>, sumergi\u00e9ndote en la vida cotidiana y la riqueza cultural de <b>Puerto Escondido<\/b>.<\/p>\n<h3 style=\"font-size: 18px; color: #0958a8;\"><b>Desayuno Tradicional Oaxaque\u00f1o<\/b><\/h3>\n<p>Comienza tu d\u00eda con un <b>aut\u00e9ntico desayuno tradicional<\/b> incluido en nuestro tour, deleit\u00e1ndote con <b>sabores locales<\/b> que te sumergir\u00e1n en la gastronom\u00eda mexicana de este destino.<\/p>\n<h3 style=\"font-size: 18px; color: #0958a8;\"><b>Grupos Peque\u00f1os<\/b><\/h3>\n<p>Mant\u00e9n una experiencia m\u00e1s <b>\u00edntima y personal<\/b> con grupos peque\u00f1os. Esto permite una <b>mayor interacci\u00f3n<\/b> con los gu\u00edas, facilita la log\u00edstica y garantiza una <b>atenci\u00f3n personalizada<\/b> para cada participante.<\/p>\n<h3 style=\"font-size: 18px; color: #0958a8;\"><b>Tours Ecol\u00f3gicos<\/b><\/h3>\n<p>Contribuye al bienestar del planeta participando en <b>tours amigables con el medio ambiente<\/b>. Estamos comprometidos a <b>minimizar nuestro impacto<\/b>, promoviendo la <b>sostenibilidad<\/b> y la <b>preservaci\u00f3n de la naturaleza<\/b>.<\/p>\n<p><iframe title=\"Mountain Biking, Nature &amp; Mexican Breakfast\" width=\"800\" height=\"450\" src=\"https:\/\/www.youtube.com\/embed\/osY8gbyFs8E?feature=oembed\" frameborder=\"0\" allow=\"accelerometer; autoplay; clipboard-write; encrypted-media; gyroscope; picture-in-picture; web-share\" referrerpolicy=\"strict-origin-when-cross-origin\" allowfullscreen><\/iframe><\/p>\n","protected":false},"excerpt":{"rendered":"<h2><b>\u00a1Hazlo Privado!<\/b><\/h2>\n<p>&#x2714; Visita privada<b> hasta 20 personas<\/b><\/p>\n<p><a class=\"elementor-button elementor-button-link elementor-size-xs\" style=\"background-color: var(--e-global-color-secondary); font-family: 'Poppins', Sans-serif; font-size: 18px; font-weight: 600; text-transform: capitalize; line-height: 22px; border-radius: 15px 15px 15px 15px;\" href=\"https:\/\/wa.me\/message\/W2ALEP33BIV3N1\" target=\"_blank\" rel=\"nofollow noopener\"><br \/>\n<span class=\"elementor-button-content-wrapper\"><br \/>\n<span class=\"elementor-button-text\">Reservar Visita Privada<\/span><br \/>\n<\/span><br \/>\n<\/a><\/p>\n<p>&nbsp;<\/p>\n","protected":false},"featured_media":14129,"template":"","meta":{"_acf_changed":false},"product_brand":[],"product_cat":[181],"product_tag":[],"class_list":{"0":"post-15184","1":"product","2":"type-product","3":"status-publish","4":"has-post-thumbnail","6":"product_cat-sin-categoria","8":"first","9":"instock","10":"shipping-taxable","11":"product-type-external"},"acf":[],"_links":{"self":[{"href":"https:\/\/ecoadventurespuertoescondido.com\/es\/wp-json\/wp\/v2\/product\/15184","targetHints":{"allow":["GET"]}}],"collection":[{"href":"https:\/\/ecoadventurespuertoescondido.com\/es\/wp-json\/wp\/v2\/product"}],"about":[{"href":"https:\/\/ecoadventurespuertoescondido.com\/es\/wp-json\/wp\/v2\/types\/product"}],"version-history":[{"count":0,"href":"https:\/\/ecoadventurespuertoescondido.com\/es\/wp-json\/wp\/v2\/product\/15184\/revisions"}],"wp:featuredmedia":[{"embeddable":true,"href":"https:\/\/ecoadventurespuertoescondido.com\/es\/wp-json\/wp\/v2\/media\/14129"}],"wp:attachment":[{"href":"https:\/\/ecoadventurespuertoescondido.com\/es\/wp-json\/wp\/v2\/media?parent=15184"}],"wp:term":[{"taxonomy":"product_brand","embeddable":true,"href":"https:\/\/ecoadventurespuertoescondido.com\/es\/wp-json\/wp\/v2\/product_brand?post=15184"},{"taxonomy":"product_cat","embeddable":true,"href":"https:\/\/ecoadventurespuertoescondido.com\/es\/wp-json\/wp\/v2\/product_cat?post=15184"},{"taxonomy":"product_tag","embeddable":true,"href":"https:\/\/ecoadventurespuertoescondido.com\/es\/wp-json\/wp\/v2\/product_tag?post=15184"}],"curies":[{"name":"wp","href":"https:\/\/api.w.org\/{rel}","templated":true}]}}