{"id":15187,"date":"2025-02-10T10:09:25","date_gmt":"2025-02-10T10:09:25","guid":{"rendered":"https:\/\/ecoadventurespuertoescondido.com\/excursion-al-parque-nacional-chacahua\/"},"modified":"2025-11-26T18:35:06","modified_gmt":"2025-11-26T18:35:06","slug":"excursion-al-parque-nacional-chacahua","status":"publish","type":"product","link":"https:\/\/ecoadventurespuertoescondido.com\/es\/tour\/excursion-al-parque-nacional-chacahua\/","title":{"rendered":"Excursi\u00f3n al Parque Nacional Chacahua"},"content":{"rendered":"<h3 style=\"font-size: 18px; color: #0958a8;\"><b>Parque Nacional Chacahua \u2013 Resumen del Tour<\/b><\/h3>\n<p>Descubre las <b>joyas ocultas de Oaxaca<\/b> con un viaje impresionante que promete m\u00e1s que solo vistas. Desde el tranquilo <b>pueblo pesquero de Zapotalito<\/b>, emb\u00e1rcate en un <b>\u00edntimo paseo en bote<\/b> a trav\u00e9s de paisajes vibrantes, donde te acompa\u00f1ar\u00e1 la sinfon\u00eda de <b>aves migratorias<\/b>. Del\u00e9itate con los <b>ricos sabores<\/b> de la cocina local en <b>Chacahua<\/b>, luego camina hasta <b>El Arco del Amor<\/b> para disfrutar de una puesta de sol que pinta el cielo con <b>colores deslumbrantes<\/b>. La verdadera magia aguarda al caer la noche: un fascinante <b>ba\u00f1o en una laguna bioluminiscente<\/b>, que convierte cada movimiento en una danza de luces. Este recorrido es una <b>fusi\u00f3n inolvidable<\/b> de las maravillas de la naturaleza y la riqueza cultural, dise\u00f1ado para dejarte con el coraz\u00f3n lleno de alegr\u00eda y asombro.<\/p>\n<h3 style=\"font-size: 18px; color: #0958a8;\"><b>Conexi\u00f3n Profunda con la Naturaleza<\/b><\/h3>\n<p>Sentir\u00e1s una <b>conexi\u00f3n \u00edntima<\/b> con la naturaleza, ya sea observando aves, observando la vida silvestre o simplemente absorbiendo la <b>serena belleza<\/b> que te rodea.<\/p>\n<h3 style=\"font-size: 18px; color: #0958a8;\"><b>Divi\u00e9rtete y Pasa un Incre\u00edble D\u00eda<\/b><\/h3>\n<p>Cada momento en <b>Chacahua<\/b> est\u00e1 dise\u00f1ado para la diversi\u00f3n y el disfrute. Nos dedicamos a crear una atm\u00f3sfera donde la <b>alegr\u00eda<\/b> es natural, dej\u00e1ndote <b>historias para compartir<\/b> y una <b>sonrisa<\/b> que perdura mucho despu\u00e9s del viaje.<\/p>\n<h3 style=\"font-size: 18px; color: #0958a8;\"><b>Viaje \u00c9pico en Barco por 7 Islas<\/b><\/h3>\n<p>Emb\u00e1rcate en un <b>viaje impresionante<\/b> mientras te deslizas a trav\u00e9s de <b>asombrosos canales de manglares<\/b>. Ser\u00e1s testigo de una espectacular variedad de <b>aves<\/b> y te maravillar\u00e1s con las <b>islas flotantes y s\u00f3lidas<\/b>. Descubre el <b>manjar local<\/b> y enriquece tus conocimientos con los diversos ecosistemas de manglares.<\/p>\n<h3 style=\"font-size: 18px; color: #0958a8;\"><b>Experimenta el Fen\u00f3meno de la Bioluminiscencia<\/b><\/h3>\n<p>Sum\u00e9rgete en una <b>velada m\u00e1gica<\/b> con nuestra experiencia de <b>bioluminiscencia<\/b>. Mientras nadas en las <b>brillantes aguas<\/b> bajo el cielo estrellado, sentir\u00e1s una sensaci\u00f3n de encanto y asombro verdaderamente incomparable. Esta luminosa aventura no solo ofrece un <b>espect\u00e1culo visual<\/b>, sino tambi\u00e9n un profundo momento de <b>conexi\u00f3n con la naturaleza<\/b>.<\/p>\n<h3 style=\"font-size: 18px; color: #0958a8;\"><b>Transporte Redondo a tu Hotel<\/b><\/h3>\n<p>Comienza y termina tu aventura con facilidad. Nuestro <b>transporte de ida y vuelta al hotel<\/b> significa que podr\u00e1s relajarte y disfrutar del viaje sin preocupaciones.<\/p>\n<h3 style=\"font-size: 18px; color: #0958a8;\"><b>Grupos Peque\u00f1os<\/b><\/h3>\n<p>Descubre el <b>Parque Nacional de Chacahua<\/b> en un ambiente \u00edntimo con nuestros <b>tours para grupos peque\u00f1os<\/b>. Este enfoque personalizado garantiza una <b>conexi\u00f3n m\u00e1s profunda<\/b> con las maravillas naturales del parque.<\/p>\n<h3 style=\"font-size: 18px; color: #0958a8;\"><b>Espect\u00e1culo Sublime del Atardecer<\/b><\/h3>\n<p>Contempla una <b>puesta de sol \u00fanica<\/b> en <b>El Arco del Amor<\/b>, el punto culminante de nuestro recorrido. Un momento de <b>pura magia<\/b> que crea recuerdos imborrables.<\/p>\n<h3 style=\"font-size: 18px; color: #0958a8;\"><b>Inmersi\u00f3n Sensorial en la Naturaleza<\/b><\/h3>\n<p>Este recorrido no se trata solo de ver la naturaleza, sino de <b>ser parte de ella<\/b>. Sentir\u00e1s una <b>conexi\u00f3n profunda<\/b> con la tierra y sus maravillas, dej\u00e1ndote con una <b>sensaci\u00f3n de paz y rejuvenecimiento<\/b>.<\/p>\n<h3 style=\"font-size: 18px; color: #0958a8;\"><b>Digno del Feed de Instagram<\/b><\/h3>\n<p>Captura momentos incre\u00edbles en <b>impresionantes puestas de sol<\/b>, <b>aguas cristalinas<\/b> y la serena belleza de los <b>manglares<\/b>. Desde los <b>fascinantes atardeceres<\/b> hasta el <b>ic\u00f3nico Arco del Amor<\/b>, cada instante es una <b>oportunidad perfecta<\/b>.<\/p>\n","protected":false},"excerpt":{"rendered":"<h2><b>\u00a1Hazlo Privado!<\/b><\/h2>\n<p>\u2714Visita privada<b> hasta 20 personas<\/b><\/p>\n<p><a class=\"elementor-button elementor-button-link elementor-size-xs\" style=\"background-color: var(--e-global-color-secondary); font-family: 'Poppins', Sans-serif; font-size: 18px; font-weight: 600; text-transform: capitalize; line-height: 22px; border-radius: 15px 15px 15px 15px;\" href=\"https:\/\/wa.me\/message\/W2ALEP33BIV3N1\" target=\"_blank\" rel=\"nofollow noopener\"><br \/>\n<span class=\"elementor-button-content-wrapper\"><br \/>\n<span class=\"elementor-button-text\">Reservar Visita Privada<\/span><br \/>\n<\/span><br \/>\n<\/a><\/p>\n<p>&nbsp;<\/p>\n","protected":false},"featured_media":14485,"template":"","meta":{"_acf_changed":false},"product_brand":[],"product_cat":[181],"product_tag":[],"class_list":{"0":"post-15187","1":"product","2":"type-product","3":"status-publish","4":"has-post-thumbnail","6":"product_cat-sin-categoria","8":"first","9":"instock","10":"sale","11":"shipping-taxable","12":"product-type-external"},"acf":[],"_links":{"self":[{"href":"https:\/\/ecoadventurespuertoescondido.com\/es\/wp-json\/wp\/v2\/product\/15187","targetHints":{"allow":["GET"]}}],"collection":[{"href":"https:\/\/ecoadventurespuertoescondido.com\/es\/wp-json\/wp\/v2\/product"}],"about":[{"href":"https:\/\/ecoadventurespuertoescondido.com\/es\/wp-json\/wp\/v2\/types\/product"}],"version-history":[{"count":0,"href":"https:\/\/ecoadventurespuertoescondido.com\/es\/wp-json\/wp\/v2\/product\/15187\/revisions"}],"wp:featuredmedia":[{"embeddable":true,"href":"https:\/\/ecoadventurespuertoescondido.com\/es\/wp-json\/wp\/v2\/media\/14485"}],"wp:attachment":[{"href":"https:\/\/ecoadventurespuertoescondido.com\/es\/wp-json\/wp\/v2\/media?parent=15187"}],"wp:term":[{"taxonomy":"product_brand","embeddable":true,"href":"https:\/\/ecoadventurespuertoescondido.com\/es\/wp-json\/wp\/v2\/product_brand?post=15187"},{"taxonomy":"product_cat","embeddable":true,"href":"https:\/\/ecoadventurespuertoescondido.com\/es\/wp-json\/wp\/v2\/product_cat?post=15187"},{"taxonomy":"product_tag","embeddable":true,"href":"https:\/\/ecoadventurespuertoescondido.com\/es\/wp-json\/wp\/v2\/product_tag?post=15187"}],"curies":[{"name":"wp","href":"https:\/\/api.w.org\/{rel}","templated":true}]}}