{"id":15188,"date":"2025-02-10T10:40:05","date_gmt":"2025-02-10T10:40:05","guid":{"rendered":"https:\/\/ecoadventurespuertoescondido.com\/excursion-de-observacion-de-delfines-en-puerto-escondido\/"},"modified":"2026-02-27T14:21:28","modified_gmt":"2026-02-27T14:21:28","slug":"avistamiento-de-delfines-en-puerto-escondido","status":"publish","type":"product","link":"https:\/\/ecoadventurespuertoescondido.com\/es\/tour\/avistamiento-de-delfines-en-puerto-escondido\/","title":{"rendered":"Avistamiento de Delfines en Puerto Escondido"},"content":{"rendered":"<h3 style=\"font-size: 18px; color: #0958a8;\"><b>Avistamiento de Delfines \u2013 Descripci\u00f3n General del Tour<\/b><\/h3>\n<p>Imagina sentir la <b>brisa del mar<\/b> y el <b>sabor salado<\/b> del oc\u00e9ano mientras los <b>delfines juegan<\/b> en las olas a tu alrededor. Descubre <b>secretos fascinantes<\/b> de estos seres maravillosos y conecta con la naturaleza de una manera \u00fanica. Nuestro tour te revelar\u00e1 <b>playas escondidas<\/b> y, si nos visitas entre <b>noviembre y marzo<\/b>, disfrutar\u00e1s del majestuoso espect\u00e1culo de las <b>ballenas jorobadas<\/b>. M\u00e1s que un simple recorrido, es un <b>viaje inolvidable<\/b> que te prometemos, \u00a1no querr\u00e1s perderte!<\/p>\n<h3 style=\"font-size: 18px; color: #0958a8;\"><b>Encuentro Emocionante e \u00cdntimo con Delfines<\/b><\/h3>\n<p>Estar\u00e1s en el <b>centro de la acci\u00f3n<\/b>, observando delfines en su <b>entorno natural<\/b>, observ\u00e1ndolos desde la proa de la embarcaci\u00f3n.<\/p>\n<h3 style=\"font-size: 18px; color: #0958a8;\"><b>Incre\u00edble Variedad de Vida Marina \u00danica<\/b><\/h3>\n<p>Adem\u00e1s de <b>delfines y ballenas<\/b>, tambi\u00e9n observaremos <b>tortugas marinas, mantarrayas, peces voladores<\/b> y m\u00e1s, haciendo que cada d\u00eda sea realmente m\u00e1gico.<\/p>\n<h3 style=\"font-size: 18px; color: #0958a8;\"><b>Tour S\u00faper Divertido y Espectaculares Vistas Costeras<\/b><\/h3>\n<p>\u00a1Transforma tu viaje en una <b>obra maestra visual<\/b> con la <b>impresionante costa de Puerto Escondido<\/b> y disfruta de una <b>experiencia s\u00faper divertida<\/b>! \u00a1Garantizada!<\/p>\n<h3 style=\"font-size: 18px; color: #0958a8;\"><b>Conexi\u00f3n Profunda con la Naturaleza<\/b><\/h3>\n<p>Este encuentro \u00edntimo con los delfines no s\u00f3lo trae <b>alegr\u00eda y emoci\u00f3n<\/b>, sino que tambi\u00e9n fomenta una <b>profunda apreciaci\u00f3n<\/b> y comprensi\u00f3n de la vida marina y la importancia de <b>preservar su entorno<\/b>.<\/p>\n<h3 style=\"font-size: 18px; color: #0958a8;\"><b>Transporte Redondo Incluido<\/b><\/h3>\n<p>Mejora tu experiencia con nuestro <b>transporte gratuito<\/b> y sin complicaciones. Desde tu <b>recogida hasta tu regreso<\/b>, disfruta de viajar sin esfuerzos, dedicando m\u00e1s tiempo a la <b>anticipaci\u00f3n y la relajaci\u00f3n<\/b>, y menos a preocuparte por taxis o estacionamiento.<\/p>\n<h3 style=\"font-size: 18px; color: #0958a8;\"><b>Lancha C\u00f3moda y Segura<\/b><\/h3>\n<p>Disfruta de la <b>comodidad y seguridad<\/b> de nuestra lancha, que ofrece una <b>plataforma estable<\/b> para una \u00f3ptima observaci\u00f3n de delfines. Sum\u00e9rgete en las maravillas sin preocupaciones.<\/p>\n<h3 style=\"font-size: 18px; color: #0958a8;\"><b>Capit\u00e1n con Experiencia<\/b><\/h3>\n<p>Emb\u00e1rcate en un viaje con nuestro <b>capit\u00e1n Josu\u00e9<\/b>, conocido por su <b>personalidad cautivadora<\/b> y <b>pasi\u00f3n por el mar<\/b>. Su enfoque <b>divertido<\/b> y su profundo conocimiento de la vida marina transforman tu aventura en una <b>experiencia emocionante, segura y memorable<\/b>.<\/p>\n<h3 style=\"font-size: 18px; color: #0958a8;\"><b>Aventura Ecol\u00f3gica<\/b><\/h3>\n<p>Nuestros tours est\u00e1n dise\u00f1ados teniendo en cuenta la <b>sostenibilidad<\/b>, permitiendo disfrutar de la naturaleza sin da\u00f1arla.<\/p>\n","protected":false},"excerpt":{"rendered":"<h2><b>\u00a1Hazlo Privado!<\/b><\/h2>\n<p>&#x2714;Visita privada<b> hasta 20 personas<\/b><\/p>\n<p><a class=\"elementor-button elementor-button-link elementor-size-xs\" style=\"background-color: var(--e-global-color-secondary); font-family: 'Poppins', Sans-serif; font-size: 18px; font-weight: 600; text-transform: capitalize; line-height: 22px; border-radius: 15px 15px 15px 15px;\" href=\"https:\/\/wa.me\/message\/W2ALEP33BIV3N1\" target=\"_blank\" rel=\"nofollow noopener\"><br \/>\n<span class=\"elementor-button-content-wrapper\"><br \/>\n<span class=\"elementor-button-text\">Reservar Visita Privada<\/span><br \/>\n<\/span><br \/>\n<\/a><\/p>\n<p>&nbsp;<\/p>\n<p>https:\/\/www.youtube.com\/watch?v=aUS-56AP-nc<\/p>\n","protected":false},"featured_media":16085,"template":"","meta":{"_acf_changed":false},"product_brand":[],"product_cat":[181],"product_tag":[],"class_list":{"0":"post-15188","1":"product","2":"type-product","3":"status-publish","4":"has-post-thumbnail","6":"product_cat-sin-categoria","8":"first","9":"instock","10":"shipping-taxable","11":"product-type-external"},"acf":[],"_links":{"self":[{"href":"https:\/\/ecoadventurespuertoescondido.com\/es\/wp-json\/wp\/v2\/product\/15188","targetHints":{"allow":["GET"]}}],"collection":[{"href":"https:\/\/ecoadventurespuertoescondido.com\/es\/wp-json\/wp\/v2\/product"}],"about":[{"href":"https:\/\/ecoadventurespuertoescondido.com\/es\/wp-json\/wp\/v2\/types\/product"}],"version-history":[{"count":1,"href":"https:\/\/ecoadventurespuertoescondido.com\/es\/wp-json\/wp\/v2\/product\/15188\/revisions"}],"predecessor-version":[{"id":16484,"href":"https:\/\/ecoadventurespuertoescondido.com\/es\/wp-json\/wp\/v2\/product\/15188\/revisions\/16484"}],"wp:featuredmedia":[{"embeddable":true,"href":"https:\/\/ecoadventurespuertoescondido.com\/es\/wp-json\/wp\/v2\/media\/16085"}],"wp:attachment":[{"href":"https:\/\/ecoadventurespuertoescondido.com\/es\/wp-json\/wp\/v2\/media?parent=15188"}],"wp:term":[{"taxonomy":"product_brand","embeddable":true,"href":"https:\/\/ecoadventurespuertoescondido.com\/es\/wp-json\/wp\/v2\/product_brand?post=15188"},{"taxonomy":"product_cat","embeddable":true,"href":"https:\/\/ecoadventurespuertoescondido.com\/es\/wp-json\/wp\/v2\/product_cat?post=15188"},{"taxonomy":"product_tag","embeddable":true,"href":"https:\/\/ecoadventurespuertoescondido.com\/es\/wp-json\/wp\/v2\/product_tag?post=15188"}],"curies":[{"name":"wp","href":"https:\/\/api.w.org\/{rel}","templated":true}]}}