{"id":15190,"date":"2025-02-10T11:29:00","date_gmt":"2025-02-10T11:29:00","guid":{"rendered":"https:\/\/ecoadventurespuertoescondido.com\/experiencia-en-kayak-por-los-manglares\/"},"modified":"2025-11-26T18:32:09","modified_gmt":"2025-11-26T18:32:09","slug":"tour-en-kayak-por-los-manglares","status":"publish","type":"product","link":"https:\/\/ecoadventurespuertoescondido.com\/es\/tour\/tour-en-kayak-por-los-manglares\/","title":{"rendered":"Tour en Kayak por los Manglares"},"content":{"rendered":"<h3 style=\"font-size: 18px; color: #0958a8;\"><b>Kayak por los Manglares \u2013 Descripci\u00f3n General del Recorrido<\/b><\/h3>\n<p>Emb\u00e1rcate en un <b>emocionante recorrido en kayak<\/b>, donde la belleza de la naturaleza te espera en cada remada. Desl\u00edzate por las <b>tranquilas aguas de los manglares<\/b>, rodeado por la vida silvestre, y experimenta la armon\u00eda de la naturaleza.<br \/>\nObserva <b>majestuosas aves en vuelo<\/b>, guiado por <b>gu\u00edas certificados<\/b> que revelar\u00e1n los <b>tesoros ocultos<\/b> de los manglares. Nuestros <b>c\u00f3modos kayaks<\/b> aseguran un viaje perfecto a trav\u00e9s de <b>rutas panor\u00e1micas impresionantes<\/b>. Vive conexiones \u00edntimas en <b>grupos peque\u00f1os<\/b>, explorando <b>canales secretos<\/b> para una aventura realmente \u00fanica. Captura cada momento en <b>paisajes impresionantes<\/b> y vive un <b>viaje inmersivo<\/b> en el coraz\u00f3n de la naturaleza.<\/p>\n<h3 style=\"font-size: 18px; color: #0958a8;\"><b>Incre\u00edble Observaci\u00f3n de Aves<\/b><\/h3>\n<p>Sum\u00e9rgete en la emoci\u00f3n de <b>observar aves end\u00e9micas<\/b> en su h\u00e1bitat natural, disfrutando de la <b>oportunidad \u00fanica<\/b> de observar estas especies en pleno vuelo y comportamiento natural.<\/p>\n<h3 style=\"font-size: 18px; color: #0958a8;\"><b>Conecta con la Naturaleza<\/b><\/h3>\n<p>Sum\u00e9rgete por completo en la naturaleza. Cada momento se transforma en una <b>profunda conexi\u00f3n<\/b> con el entorno, permiti\u00e9ndote apreciar la <b>belleza y la serenidad<\/b> que solo la naturaleza ofrece.<\/p>\n<h3 style=\"font-size: 18px; color: #0958a8;\"><b>Canales Ocultos y Rutas Exclusivas<\/b><\/h3>\n<p>Descubre la magia de <b>canales escondidos<\/b> y <b>rutas exclusivas<\/b> que te llevar\u00e1n a lugares inexplorados, revelando la autenticidad y la belleza oculta de la naturaleza.<\/p>\n<h3 style=\"font-size: 18px; color: #0958a8;\"><b>Gu\u00edas de Naturaleza Certificados<\/b><\/h3>\n<p>Nuestros <b>gu\u00edas apasionados y expertos<\/b> en la flora y fauna local te brindar\u00e1n conocimientos que te sorprender\u00e1n. Descubre <b>secretos naturales<\/b>, historias fascinantes y datos interesantes que enriquecer\u00e1n tu experiencia.<\/p>\n<h3 style=\"font-size: 18px; color: #0958a8;\"><b>Paisajes Panor\u00e1micos<\/b><\/h3>\n<p>Impresionantes <b>vistas panor\u00e1micas<\/b>, donde cada remo te sumerge en la belleza de los <b>manglares<\/b>, la <b>Sierra Madre del Sur<\/b>, la <b>costa del Pac\u00edfico<\/b> y los <b>m\u00e1gicos atardeceres<\/b>.<\/p>\n<h3 style=\"font-size: 18px; color: #0958a8;\"><b>Explora sin Preocupaciones<\/b><\/h3>\n<p>Rel\u00e1jate y deja que nuestros gu\u00edas se encarguen de la <b>planificaci\u00f3n y la log\u00edstica<\/b>. Tu aventura estar\u00e1 perfectamente organizada, permiti\u00e9ndote explorar sin preocupaciones.<\/p>\n<h3 style=\"font-size: 18px; color: #0958a8;\"><b>Kayaks C\u00f3modos<\/b><\/h3>\n<p>Disfruta de la aventura con <b>total comodidad y seguridad<\/b> en nuestros kayaks, dise\u00f1ados para brindar <b>estabilidad y facilidad de manejo<\/b>, garantizando una experiencia sin preocupaciones.<\/p>\n<h3 style=\"font-size: 18px; color: #0958a8;\"><b>Grupos Peque\u00f1os<\/b><\/h3>\n<p>Mantenemos <b>grupos peque\u00f1os<\/b> para garantizar un ambiente <b>\u00edntimo y acogedor<\/b>. Esto permite una <b>interacci\u00f3n m\u00e1s cercana<\/b> con los gu\u00edas y una experiencia m\u00e1s personalizada.<\/p>\n<h3 style=\"font-size: 18px; color: #0958a8;\"><b>Espacios Instagramables<\/b><\/h3>\n<p>Haz que tu aventura sea inolvidable capturando fotograf\u00edas de <b>todos los espacios<\/b>, donde cada imagen se convierte en una <b>joya virtual<\/b> para compartir, impresionar y recordar. \u00a1Dale a tu feed de Instagram una dosis de la magia de nuestros tours!<\/p>\n","protected":false},"excerpt":{"rendered":"<h2><b>\u00a1Hazlo Privado!<\/b><\/h2>\n<p>\u2714Visita privada<b> para un m\u00e1ximo de 12 personas<\/b><\/p>\n<p><a class=\"elementor-button elementor-button-link elementor-size-xs\" style=\"background-color: var(--e-global-color-secondary); font-family: 'Poppins', Sans-serif; font-size: 18px; font-weight: 600; text-transform: capitalize; line-height: 22px; border-radius: 15px 15px 15px 15px;\" href=\"https:\/\/wa.me\/message\/W2ALEP33BIV3N1\" target=\"_blank\" rel=\"nofollow noopener\"><br \/>\n<span class=\"elementor-button-content-wrapper\"><br \/>\n<span class=\"elementor-button-text\">Reservar Visita Privada<\/span><br \/>\n<\/span><br \/>\n<\/a><\/p>\n<p>&nbsp;<\/p>\n","protected":false},"featured_media":14381,"template":"","meta":{"_acf_changed":false},"product_brand":[],"product_cat":[181],"product_tag":[],"class_list":{"0":"post-15190","1":"product","2":"type-product","3":"status-publish","4":"has-post-thumbnail","6":"product_cat-sin-categoria","8":"first","9":"instock","10":"shipping-taxable","11":"product-type-external"},"acf":[],"_links":{"self":[{"href":"https:\/\/ecoadventurespuertoescondido.com\/es\/wp-json\/wp\/v2\/product\/15190","targetHints":{"allow":["GET"]}}],"collection":[{"href":"https:\/\/ecoadventurespuertoescondido.com\/es\/wp-json\/wp\/v2\/product"}],"about":[{"href":"https:\/\/ecoadventurespuertoescondido.com\/es\/wp-json\/wp\/v2\/types\/product"}],"version-history":[{"count":0,"href":"https:\/\/ecoadventurespuertoescondido.com\/es\/wp-json\/wp\/v2\/product\/15190\/revisions"}],"wp:featuredmedia":[{"embeddable":true,"href":"https:\/\/ecoadventurespuertoescondido.com\/es\/wp-json\/wp\/v2\/media\/14381"}],"wp:attachment":[{"href":"https:\/\/ecoadventurespuertoescondido.com\/es\/wp-json\/wp\/v2\/media?parent=15190"}],"wp:term":[{"taxonomy":"product_brand","embeddable":true,"href":"https:\/\/ecoadventurespuertoescondido.com\/es\/wp-json\/wp\/v2\/product_brand?post=15190"},{"taxonomy":"product_cat","embeddable":true,"href":"https:\/\/ecoadventurespuertoescondido.com\/es\/wp-json\/wp\/v2\/product_cat?post=15190"},{"taxonomy":"product_tag","embeddable":true,"href":"https:\/\/ecoadventurespuertoescondido.com\/es\/wp-json\/wp\/v2\/product_tag?post=15190"}],"curies":[{"name":"wp","href":"https:\/\/api.w.org\/{rel}","templated":true}]}}