{"id":15191,"date":"2025-02-10T12:02:09","date_gmt":"2025-02-10T12:02:09","guid":{"rendered":"https:\/\/ecoadventurespuertoescondido.com\/aventura-de-snorkel-en-el-pacifico\/"},"modified":"2025-11-26T18:30:30","modified_gmt":"2025-11-26T18:30:30","slug":"snorkel-en-el-pacifico","status":"publish","type":"product","link":"https:\/\/ecoadventurespuertoescondido.com\/es\/tour\/snorkel-en-el-pacifico\/","title":{"rendered":"Snorkel en el Pac\u00edfico"},"content":{"rendered":"<h3 style=\"font-size: 18px; color: #0958a8;\"><b>Tour de Snorkel en Pacific Paradise \u2013 Descripci\u00f3n General del Tour<\/b><\/h3>\n<p>Comience su d\u00eda con una <b>traves\u00eda revitalizante<\/b> a lo largo de la <b>pintoresca costa oaxaque\u00f1a<\/b> hasta <b>Puerto \u00c1ngel<\/b>. Aborde una <b>lancha tradicional<\/b> y sum\u00e9rjase en las <b>profundidades azules del mar<\/b>. Practique snorkel entre la <b>vida marina<\/b> en lugares ocultos como <b>Playa La Mina, Playa Media Luna<\/b> y <b>Estacahuite<\/b>, capturando escenas vibrantes. Concluya su aventura deleitando su paladar con las <b>delicias locales<\/b> de Oaxaca en <b>Mazunte<\/b>. Es un <b>fest\u00edn sensorial<\/b> de aromas y sabores.<\/p>\n<h3 style=\"font-size: 18px; color: #0958a8;\"><b>Sitios Exclusivos para Practicar Snorkel<\/b><\/h3>\n<p>Tu aventura en estos <b>vibrantes h\u00e1bitats marinos<\/b> te brinda un <b>encuentro cercano<\/b> con una amplia variedad de vida marina, convirtiendo cada momento bajo el agua en un descubrimiento emocionante.<\/p>\n<h3 style=\"font-size: 18px; color: #0958a8;\"><b>Vibrante Encuentro con la Vida Silvestre Submarina<\/b><\/h3>\n<p>Sum\u00e9rgete en un <b>espect\u00e1culo submarino<\/b> con <b>estrellas de mar, peces de colores<\/b> y una gran diversidad de vida marina. Cada sesi\u00f3n de snorkel revela un <b>mundo vivo y vibrante<\/b>, ofreciendo una visi\u00f3n emocionante de las diversas maravillas del oc\u00e9ano.<\/p>\n<h3 style=\"font-size: 18px; color: #0958a8;\"><b>Inmersi\u00f3n Sensorial en la Naturaleza<\/b><\/h3>\n<p>Siente el <b>sol y el mar en perfecta armon\u00eda<\/b> en nuestras <b>exclusivas y escondidas playas<\/b>, que ofrecen una <b>conexi\u00f3n profundamente \u00edntima<\/b> con la naturaleza.<\/p>\n<h3 style=\"font-size: 18px; color: #0958a8;\"><b>Sitios Costeros Pintorescos<\/b><\/h3>\n<p>Mientras viajas a lo largo de la <b>pintoresca costa de Oaxaca<\/b>, tu viaje estar\u00e1 adornado con <b>vistas impresionantes<\/b>. Este recorrido no solo <b>calma tu alma<\/b>, sino que tambi\u00e9n enriquece tu comprensi\u00f3n del <b>paisaje local<\/b>.<\/p>\n<h3 style=\"font-size: 18px; color: #0958a8;\"><b>Aventura de Degustaci\u00f3n Cultural<\/b><\/h3>\n<p>Del\u00e9itate con los <b>sabores locales<\/b> de Oaxaca. Tus papilas gustativas viajar\u00e1n a trav\u00e9s del <b>patrimonio de la regi\u00f3n<\/b> con <b>caf\u00e9 local, mole<\/b> y m\u00e1s, haciendo que tu experiencia sea <b>deliciosa e instructiva<\/b>.<\/p>\n<h3 style=\"font-size: 18px; color: #0958a8;\"><b>Grupos Peque\u00f1os y Experiencia Personalizada<\/b><\/h3>\n<p>Disfruta del lujo de una <b>atenci\u00f3n individual<\/b>, donde tu <b>comodidad e intereses submarinos<\/b> son nuestra principal prioridad. Este entorno fomenta una <b>conexi\u00f3n m\u00e1s cercana<\/b> con tu gu\u00eda, la vida marina y el oc\u00e9ano, garantizando un viaje m\u00e1s <b>atractivo, significativo y memorable<\/b>.<\/p>\n<h3 style=\"font-size: 18px; color: #0958a8;\"><b>Transporte Gratuito de Ida y Vuelta<\/b><\/h3>\n<p>Olv\u00eddate de las <b>molestias de la navegaci\u00f3n y el transporte local<\/b>. Disfruta de la facilidad de <b>recogida y regreso al hotel<\/b>, concentr\u00e1ndote completamente en tu <b>emocionante aventura de snorkel<\/b>.<\/p>\n<h3 style=\"font-size: 18px; color: #0958a8;\"><b>Digno de Instagram<\/b><\/h3>\n<p>Toma y comparte tu <b>aventura de snorkel<\/b> con <b>v\u00edvidas tomas submarinas<\/b>. La <b>impresionante vida marina<\/b> y los <b>paisajes marinos<\/b> de nuestro recorrido brindan momentos <b>perfectos e Instagram-worthy<\/b> para tu feed.<\/p>\n","protected":false},"excerpt":{"rendered":"<h2><b>\u00a1Hazlo Privado!<\/b><\/h2>\n<p>\u2714Visita privada<b> hasta 20 personas<\/b><\/p>\n<p><a class=\"elementor-button elementor-button-link elementor-size-xs\" style=\"background-color: var(--e-global-color-secondary); font-family: 'Poppins', Sans-serif; font-size: 18px; font-weight: 600; text-transform: capitalize; line-height: 22px; border-radius: 15px 15px 15px 15px;\" href=\"https:\/\/wa.me\/message\/W2ALEP33BIV3N1\" target=\"_blank\" rel=\"nofollow noopener\"><br \/>\n<span class=\"elementor-button-content-wrapper\"><br \/>\n<span class=\"elementor-button-text\">Reservar Visita Privada<\/span><br \/>\n<\/span><br \/>\n<\/a><\/p>\n<p>&nbsp;<\/p>\n","protected":false},"featured_media":14464,"template":"","meta":{"_acf_changed":false},"product_brand":[],"product_cat":[181],"product_tag":[],"class_list":{"0":"post-15191","1":"product","2":"type-product","3":"status-publish","4":"has-post-thumbnail","6":"product_cat-sin-categoria","8":"first","9":"instock","10":"shipping-taxable","11":"product-type-external"},"acf":[],"_links":{"self":[{"href":"https:\/\/ecoadventurespuertoescondido.com\/es\/wp-json\/wp\/v2\/product\/15191","targetHints":{"allow":["GET"]}}],"collection":[{"href":"https:\/\/ecoadventurespuertoescondido.com\/es\/wp-json\/wp\/v2\/product"}],"about":[{"href":"https:\/\/ecoadventurespuertoescondido.com\/es\/wp-json\/wp\/v2\/types\/product"}],"version-history":[{"count":0,"href":"https:\/\/ecoadventurespuertoescondido.com\/es\/wp-json\/wp\/v2\/product\/15191\/revisions"}],"wp:featuredmedia":[{"embeddable":true,"href":"https:\/\/ecoadventurespuertoescondido.com\/es\/wp-json\/wp\/v2\/media\/14464"}],"wp:attachment":[{"href":"https:\/\/ecoadventurespuertoescondido.com\/es\/wp-json\/wp\/v2\/media?parent=15191"}],"wp:term":[{"taxonomy":"product_brand","embeddable":true,"href":"https:\/\/ecoadventurespuertoescondido.com\/es\/wp-json\/wp\/v2\/product_brand?post=15191"},{"taxonomy":"product_cat","embeddable":true,"href":"https:\/\/ecoadventurespuertoescondido.com\/es\/wp-json\/wp\/v2\/product_cat?post=15191"},{"taxonomy":"product_tag","embeddable":true,"href":"https:\/\/ecoadventurespuertoescondido.com\/es\/wp-json\/wp\/v2\/product_tag?post=15191"}],"curies":[{"name":"wp","href":"https:\/\/api.w.org\/{rel}","templated":true}]}}