{"id":15866,"date":"2025-05-31T15:38:23","date_gmt":"2025-05-31T15:38:23","guid":{"rendered":"https:\/\/ecoadventurespuertoescondido.com\/tour-ancestral-del-mezcal\/"},"modified":"2025-11-26T17:57:12","modified_gmt":"2025-11-26T17:57:12","slug":"tour-ancestral-del-mezcal","status":"publish","type":"product","link":"https:\/\/ecoadventurespuertoescondido.com\/es\/tour\/tour-ancestral-del-mezcal\/","title":{"rendered":"Tour Ancestral del Mezcal"},"content":{"rendered":"<p><em><strong>Un d\u00eda de aut\u00e9ntica artesan\u00eda del mezcal en la Destiler\u00eda Las Garrochas con Juan Oscar<\/strong><\/em><\/p>\n<p>Sum\u00e9rgete en el coraz\u00f3n de la cultura mezcalera oaxaque\u00f1a en la Destiler\u00eda Las Garrochas, a tan solo minutos de Puerto Escondido. Aqu\u00ed, el maestro mezcalero y propietario Juan Oscar te recibe en el taller familiar donde se han preservado t\u00e9cnicas ancestrales por generaciones. Su calidez y pasi\u00f3n por el mezcal har\u00e1n que te sientas como en casa desde el primer momento.<\/p>\n","protected":false},"excerpt":{"rendered":"<p>Vive el aut\u00e9ntico esp\u00edritu del mezcal \u2014 reserva tu lugar en La Experiencia Ancestral del Mezcal hoy.<\/p>\n","protected":false},"featured_media":16112,"template":"","meta":{"_acf_changed":false},"product_brand":[],"product_cat":[181],"product_tag":[],"class_list":{"0":"post-15866","1":"product","2":"type-product","3":"status-publish","4":"has-post-thumbnail","6":"product_cat-sin-categoria","8":"first","9":"instock","10":"sale","11":"shipping-taxable","12":"product-type-external"},"acf":[],"_links":{"self":[{"href":"https:\/\/ecoadventurespuertoescondido.com\/es\/wp-json\/wp\/v2\/product\/15866","targetHints":{"allow":["GET"]}}],"collection":[{"href":"https:\/\/ecoadventurespuertoescondido.com\/es\/wp-json\/wp\/v2\/product"}],"about":[{"href":"https:\/\/ecoadventurespuertoescondido.com\/es\/wp-json\/wp\/v2\/types\/product"}],"version-history":[{"count":0,"href":"https:\/\/ecoadventurespuertoescondido.com\/es\/wp-json\/wp\/v2\/product\/15866\/revisions"}],"wp:featuredmedia":[{"embeddable":true,"href":"https:\/\/ecoadventurespuertoescondido.com\/es\/wp-json\/wp\/v2\/media\/16112"}],"wp:attachment":[{"href":"https:\/\/ecoadventurespuertoescondido.com\/es\/wp-json\/wp\/v2\/media?parent=15866"}],"wp:term":[{"taxonomy":"product_brand","embeddable":true,"href":"https:\/\/ecoadventurespuertoescondido.com\/es\/wp-json\/wp\/v2\/product_brand?post=15866"},{"taxonomy":"product_cat","embeddable":true,"href":"https:\/\/ecoadventurespuertoescondido.com\/es\/wp-json\/wp\/v2\/product_cat?post=15866"},{"taxonomy":"product_tag","embeddable":true,"href":"https:\/\/ecoadventurespuertoescondido.com\/es\/wp-json\/wp\/v2\/product_tag?post=15866"}],"curies":[{"name":"wp","href":"https:\/\/api.w.org\/{rel}","templated":true}]}}